{"id":25,"date":"2026-01-24T07:01:41","date_gmt":"2026-01-24T07:01:41","guid":{"rendered":"https:\/\/sospuravida.com\/CAMPUSVIRTUAL\/?page_id=25"},"modified":"2026-04-16T10:19:35","modified_gmt":"2026-04-16T16:19:35","slug":"san-ramon","status":"publish","type":"page","link":"https:\/\/sospuravida.com\/CAMPUSVIRTUAL\/","title":{"rendered":"NUESTRO CAMPUS VIRTUAL"},"content":{"rendered":"<div   class='avia-fullscreen-slider main_color   avia-builder-el-0  el_before_av_one_third  avia-builder-el-first  container_wrap fullsize'  ><div  class='avia-slideshow av-mkryxxti-3c1eb3289f157f7b7710a7aca720b1c8 avia-slideshow-1536x1536 av_fullscreen avia-fade-slider av-slideshow-ui av-control-default av-nav-dots-visible av-no-slider-navigation av-slideshow-autoplay av-loop-endless av-loop-manual-endless av-default-height-applied   avia-slideshow-1' data-slideshow-options=\"{&quot;animation&quot;:&quot;fade&quot;,&quot;autoplay&quot;:true,&quot;loop_autoplay&quot;:&quot;endless&quot;,&quot;interval&quot;:2,&quot;loop_manual&quot;:&quot;manual-endless&quot;,&quot;autoplay_stopper&quot;:false,&quot;noNavigation&quot;:false,&quot;bg_slider&quot;:true,&quot;keep_padding&quot;:false,&quot;hoverpause&quot;:false,&quot;show_slide_delay&quot;:0,&quot;slide_height&quot;:&quot;100&quot;,&quot;image_attachment&quot;:&quot;&quot;}\"  itemprop=\"image\" itemscope=\"itemscope\" itemtype=\"https:\/\/schema.org\/ImageObject\" ><ul class='avia-slideshow-inner ' style='padding-bottom: 55.794270833333%;'><li style='background-position:center center;' data-img-url='https:\/\/sospuravida.com\/CAMPUSVIRTUAL\/wp-content\/uploads\/2026\/04\/campusfondo-1536x857.png' class='avia-slideshow-slide av-mkryxxti-3c1eb3289f157f7b7710a7aca720b1c8__0  slide-1 slide-odd'><div data-rel='slideshow-1' class='avia-slide-wrap '   ><\/div><\/li><li style='background-position:center center;' data-img-url='https:\/\/sospuravida.com\/CAMPUSVIRTUAL\/wp-content\/uploads\/2026\/04\/poligonos-1536x857.png' class='avia-slideshow-slide av-mkryxxti-3c1eb3289f157f7b7710a7aca720b1c8__1  slide-2 slide-even'><div data-rel='slideshow-1' class='avia-slide-wrap '   ><\/div><\/li><li style='background-position:center center;' data-img-url='https:\/\/sospuravida.com\/CAMPUSVIRTUAL\/wp-content\/uploads\/2026\/04\/asistencia-1536x857.png' class='avia-slideshow-slide av-mkryxxti-3c1eb3289f157f7b7710a7aca720b1c8__2  slide-3 slide-odd'><div data-rel='slideshow-1' class='avia-slide-wrap '   ><\/div><\/li><\/ul><div class='avia-slideshow-arrows avia-slideshow-controls' ><a href='#prev' class='prev-slide  avia-svg-icon avia-font-svg_entypo-fontello' data-av_svg_icon='left-open-big' data-av_iconset='svg_entypo-fontello' tabindex='-1' title=\"Anterior\"><svg version=\"1.1\" xmlns=\"http:\/\/www.w3.org\/2000\/svg\" width=\"15\" height=\"32\" viewBox=\"0 0 15 32\" preserveAspectRatio=\"xMidYMid meet\" aria-labelledby='av-svg-title-1' aria-describedby='av-svg-desc-1' role=\"graphics-symbol\" aria-hidden=\"true\">\n<title id='av-svg-title-1'>Anterior<\/title>\n<desc id='av-svg-desc-1'>Anterior<\/desc>\n<path d=\"M14.464 27.84q0.832 0.832 0 1.536-0.832 0.832-1.536 0l-12.544-12.608q-0.768-0.768 0-1.6l12.544-12.608q0.704-0.832 1.536 0 0.832 0.704 0 1.536l-11.456 11.904z\"><\/path>\n<\/svg><span class='avia_hidden_link_text'>Anterior<\/span><\/a><a href='#next' class='next-slide  avia-svg-icon avia-font-svg_entypo-fontello' data-av_svg_icon='right-open-big' data-av_iconset='svg_entypo-fontello' tabindex='-1' title=\"Posterior\"><svg version=\"1.1\" xmlns=\"http:\/\/www.w3.org\/2000\/svg\" width=\"15\" height=\"32\" viewBox=\"0 0 15 32\" preserveAspectRatio=\"xMidYMid meet\" aria-labelledby='av-svg-title-2' aria-describedby='av-svg-desc-2' role=\"graphics-symbol\" aria-hidden=\"true\">\n<title id='av-svg-title-2'>Posterior<\/title>\n<desc id='av-svg-desc-2'>Posterior<\/desc>\n<path d=\"M0.416 27.84l11.456-11.84-11.456-11.904q-0.832-0.832 0-1.536 0.832-0.832 1.536 0l12.544 12.608q0.768 0.832 0 1.6l-12.544 12.608q-0.704 0.832-1.536 0-0.832-0.704 0-1.536z\"><\/path>\n<\/svg><span class='avia_hidden_link_text'>Posterior<\/span><\/a><\/div><\/div><\/div><div id='after_full_slider_1'  class='main_color av_default_container_wrap container_wrap fullsize'  ><div class='container av-section-cont-open' ><div class='template-page content  av-content-full alpha units'><div class='post-entry post-entry-type-page post-entry-25'><div class='entry-content-wrapper clearfix'>\n<div  class='flex_column av-73t1-e1135cb6c2c7f3dbcb89ded3d1b5c62e av_one_third  avia-builder-el-1  el_after_av_fullscreen  el_before_av_one_third  avia-builder-el-first  first flex_column_div  '     ><div  class='avia-button-wrap avia-button-center  avia-builder-el-2  avia-builder-el-no-sibling '>\n<style type=\"text\/css\" data-created_by=\"avia_inline_auto\" id=\"style-css-av-mo1276hq-479103aea975c464db7a79648488bcb1\">\n#top #wrap_all .avia-button.av-mo1276hq-479103aea975c464db7a79648488bcb1:hover{\ncolor:white;\ntransition:all 0.4s ease-in-out;\n}\n#top #wrap_all .avia-button.av-mo1276hq-479103aea975c464db7a79648488bcb1:hover .avia-svg-icon svg:first-child{\nfill:white;\nstroke:white;\n}\n<\/style>\n<a href='https:\/\/sospuravida.com\/CAMPUSVIRTUAL\/wp-login.php?redirect_to=https%3A%2F%2Fsospuravida.com%2FCCI%2Fwp-admin%2F&reauth=1' class='av-icon-on-hover avia-color-theme-color avia-font-color-theme-color avia-button avia-button-fullwidth av-mo1276hq-479103aea975c464db7a79648488bcb1 avia-icon_select-yes-left-icon avia-color-theme-color'  target=\"_blank\"  rel=\"noopener noreferrer\"  aria-label=\"INGRESO PERSONAL\"><span class='avia_button_icon avia_button_icon_left avia-svg-icon avia-font-svg_entypo-fontello' data-av_svg_icon='key' data-av_iconset='svg_entypo-fontello'><svg version=\"1.1\" xmlns=\"http:\/\/www.w3.org\/2000\/svg\" width=\"25\" height=\"32\" viewBox=\"0 0 25 32\" preserveAspectRatio=\"xMidYMid meet\" aria-labelledby='av-svg-title-3' aria-describedby='av-svg-desc-3' role=\"graphics-symbol\">\n<title id='av-svg-title-3'>Key<\/title>\n<desc id='av-svg-desc-3'>Key<\/desc>\n<path d=\"M24.768 7.616q0.64 3.712-0.896 6.88t-4.8 3.744q-2.112 0.384-4.16 0.064l-3.776 6.208-2.24 0.384-3.328 5.312q-0.448 0.896-1.472 1.024l-2.432 0.448q-0.384 0.128-0.704-0.128t-0.384-0.704l-0.512-3.136q-0.256-0.96 0.384-1.792l8.256-12.352q-0.768-1.6-1.216-3.84-0.576-3.392 1.696-5.984t5.92-3.232q3.392-0.64 6.24 1.44t3.424 5.664zM20.736 10.048q0.96-1.408 0.672-3.104t-1.632-2.656q-1.344-1.024-2.944-0.704t-2.56 1.728q-0.256 0.384-0.384 0.736t-0.032 0.64 0.16 0.512 0.416 0.544 0.576 0.48 0.704 0.512 0.736 0.544q0.192 0.128 0.704 0.512t0.736 0.512 0.608 0.384 0.608 0.256 0.544-0.032 0.576-0.256 0.512-0.608z\"><\/path>\n<\/svg><\/span><span class='avia_iconbox_title' >INGRESO PERSONAL<\/span><span class='avia_button_background avia-button avia-button-fullwidth avia-color-theme-color-highlight'><\/span><\/a><\/div><\/div>\n<div  class='flex_column av-1p0p9-74302cf92b6ef8090ad114753a9c4544 av_one_third  avia-builder-el-3  el_after_av_one_third  el_before_av_one_third  flex_column_div  '     ><div  class='avia-button-wrap avia-button-center  avia-builder-el-4  avia-builder-el-no-sibling '>\n<style type=\"text\/css\" data-created_by=\"avia_inline_auto\" id=\"style-css-av-mo127ty1-276f4b201a85ef46882a47b1320a3e21\">\n#top #wrap_all .avia-button.av-mo127ty1-276f4b201a85ef46882a47b1320a3e21:hover{\ncolor:white;\ntransition:all 0.4s ease-in-out;\n}\n#top #wrap_all .avia-button.av-mo127ty1-276f4b201a85ef46882a47b1320a3e21:hover .avia-svg-icon svg:first-child{\nfill:white;\nstroke:white;\n}\n<\/style>\n<a href='https:\/\/sospuravida.com\/CAMPUSVIRTUAL\/estudiantes-2\/' class='av-icon-on-hover avia-color-theme-color avia-font-color-theme-color avia-button avia-button-fullwidth av-mo127ty1-276f4b201a85ef46882a47b1320a3e21 avia-icon_select-yes-left-icon avia-color-theme-color'  target=\"_blank\"  rel=\"noopener noreferrer\"  aria-label=\"INGRESO ESTUDIANTES\"><span class='avia_button_icon avia_button_icon_left avia-svg-icon avia-font-svg_entypo-fontello' data-av_svg_icon='user' data-av_iconset='svg_entypo-fontello'><svg version=\"1.1\" xmlns=\"http:\/\/www.w3.org\/2000\/svg\" width=\"30\" height=\"32\" viewBox=\"0 0 30 32\" preserveAspectRatio=\"xMidYMid meet\" aria-labelledby='av-svg-title-4' aria-describedby='av-svg-desc-4' role=\"graphics-symbol\">\n<title id='av-svg-title-4'>User<\/title>\n<desc id='av-svg-desc-4'>User<\/desc>\n<path d=\"M23.552 23.104q6.528 2.304 6.528 3.904v3.392h-30.080v-3.392q0-1.6 6.528-3.904 3.008-1.088 4.096-2.208t1.088-3.040q0-0.704-0.704-1.568t-1.024-2.336q-0.064-0.384-0.288-0.576t-0.448-0.256-0.448-0.544-0.288-1.376q0-0.512 0.16-0.832t0.288-0.384l0.128-0.128q-0.256-1.6-0.384-2.816-0.128-1.728 1.312-3.584t5.024-1.856 5.056 1.856 1.28 3.584l-0.384 2.816q0.576 0.256 0.576 1.344-0.064 0.896-0.288 1.376t-0.448 0.544-0.448 0.256-0.288 0.576q-0.256 1.536-0.992 2.368t-0.736 1.536q0 1.92 1.12 3.040t4.064 2.208z\"><\/path>\n<\/svg><\/span><span class='avia_iconbox_title' >INGRESO ESTUDIANTES<\/span><span class='avia_button_background avia-button avia-button-fullwidth avia-color-theme-color-highlight'><\/span><\/a><\/div><\/div>\n<div  class='flex_column av-p415-14406c06f491a2f9149ef2d5859bc321 av_one_third  avia-builder-el-5  el_after_av_one_third  el_before_av_one_full  flex_column_div  '     ><div  class='avia-button-wrap avia-button-center  avia-builder-el-6  avia-builder-el-no-sibling '>\n<style type=\"text\/css\" data-created_by=\"avia_inline_auto\" id=\"style-css-av-mo12afrn-6659510340fe9cc7fd6f2eaf1576ffaa\">\n#top #wrap_all .avia-button.av-mo12afrn-6659510340fe9cc7fd6f2eaf1576ffaa:hover{\ncolor:white;\ntransition:all 0.4s ease-in-out;\n}\n#top #wrap_all .avia-button.av-mo12afrn-6659510340fe9cc7fd6f2eaf1576ffaa:hover .avia-svg-icon svg:first-child{\nfill:white;\nstroke:white;\n}\n<\/style>\n<a href='https:\/\/sospuravida.com\/CAMPUSVIRTUAL\/estudiantes-2\/' class='av-icon-on-hover avia-color-theme-color avia-font-color-theme-color avia-button avia-button-fullwidth av-mo12afrn-6659510340fe9cc7fd6f2eaf1576ffaa avia-icon_select-yes-left-icon avia-color-theme-color'  target=\"_blank\"  rel=\"noopener noreferrer\"  aria-label=\"INGRESO ENCARGADO LEGAL\"><span class='avia_button_icon avia_button_icon_left avia-svg-icon avia-font-svg_entypo-fontello' data-av_svg_icon='user' data-av_iconset='svg_entypo-fontello'><svg version=\"1.1\" xmlns=\"http:\/\/www.w3.org\/2000\/svg\" width=\"30\" height=\"32\" viewBox=\"0 0 30 32\" preserveAspectRatio=\"xMidYMid meet\" aria-labelledby='av-svg-title-5' aria-describedby='av-svg-desc-5' role=\"graphics-symbol\">\n<title id='av-svg-title-5'>User<\/title>\n<desc id='av-svg-desc-5'>User<\/desc>\n<path d=\"M23.552 23.104q6.528 2.304 6.528 3.904v3.392h-30.080v-3.392q0-1.6 6.528-3.904 3.008-1.088 4.096-2.208t1.088-3.040q0-0.704-0.704-1.568t-1.024-2.336q-0.064-0.384-0.288-0.576t-0.448-0.256-0.448-0.544-0.288-1.376q0-0.512 0.16-0.832t0.288-0.384l0.128-0.128q-0.256-1.6-0.384-2.816-0.128-1.728 1.312-3.584t5.024-1.856 5.056 1.856 1.28 3.584l-0.384 2.816q0.576 0.256 0.576 1.344-0.064 0.896-0.288 1.376t-0.448 0.544-0.448 0.256-0.288 0.576q-0.256 1.536-0.992 2.368t-0.736 1.536q0 1.92 1.12 3.040t4.064 2.208z\"><\/path>\n<\/svg><\/span><span class='avia_iconbox_title' >INGRESO ENCARGADO LEGAL<\/span><span class='avia_button_background avia-button avia-button-fullwidth avia-color-theme-color-highlight'><\/span><\/a><\/div><\/div>\n<div  class='flex_column av-2wm81-49d7e8bc276475d27045bdfd87e17509 av_one_full  avia-builder-el-7  el_after_av_one_third  el_before_av_one_full  first flex_column_div  column-top-margin'     ><style type=\"text\/css\" data-created_by=\"avia_inline_auto\" id=\"style-css-av-217fp-0a7eeefd85bdfc3573389e489a934ffe\">\n#top .av-special-heading.av-217fp-0a7eeefd85bdfc3573389e489a934ffe{\npadding-bottom:10px;\n}\nbody .av-special-heading.av-217fp-0a7eeefd85bdfc3573389e489a934ffe .av-special-heading-tag .heading-char{\nfont-size:25px;\n}\n.av-special-heading.av-217fp-0a7eeefd85bdfc3573389e489a934ffe .av-subheading{\nfont-size:15px;\n}\n<\/style>\n<div  class='av-special-heading av-217fp-0a7eeefd85bdfc3573389e489a934ffe av-special-heading-h3  avia-builder-el-8  avia-builder-el-no-sibling '><h3 class='av-special-heading-tag '  itemprop=\"headline\"  >Selecciona un bot\u00f3n de donde quieres dirigirte:<\/h3><div class=\"special-heading-border\"><div class=\"special-heading-inner-border\"><\/div><\/div><\/div><\/div>\n<div  class='flex_column av-1chp5-4ab59b72350d3986a25f9ea0d2037e22 av_one_full  avia-builder-el-9  el_after_av_one_full  avia-builder-el-last  first flex_column_div  column-top-margin'     ><section  class='av_textblock_section av-t0ul-cae2bbe3f9c8f1d78edc1bfdcf398228 '   itemscope=\"itemscope\" itemtype=\"https:\/\/schema.org\/CreativeWork\" ><div class='avia_textblock'  itemprop=\"text\" ><div style=\"font-family: 'Nunito', 'Segoe UI', Tahoma, Geneva, Verdana, sans-serif; color: #334155; line-height: 1.6; max-width: 800px; margin: 0 auto; padding: 20px;\">\n<style>\n        @keyframes pulse-whatsapp {\n            0% { box-shadow: 0 0 0 0 rgba(37, 211, 102, 0.6); }\n            70% { box-shadow: 0 0 0 20px rgba(37, 211, 102, 0); }\n            100% { box-shadow: 0 0 0 0 rgba(37, 211, 102, 0); }\n        }\n        @keyframes pulse-module {\n            0% { box-shadow: 0 0 0 0 rgba(59, 130, 246, 0.2); border-color: #e2e8f0; }\n            50% { box-shadow: 0 0 10px 2px rgba(59, 130, 246, 0.3); border-color: #93c5fd; }\n            100% { box-shadow: 0 0 0 0 rgba(59, 130, 246, 0.2); border-color: #e2e8f0; }\n        }\n        @keyframes bounce-small {\n            0%, 100% { transform: translateY(0); }\n            50% { transform: translateY(3px); }\n        }\n        .wa-btn {\n            transition: all 0.3s ease;\n            animation: pulse-whatsapp 2s infinite;\n        }\n        .wa-btn:hover {\n            background-color: #1da851 !important;\n            transform: translateY(-3px);\n            box-shadow: 0 15px 25px -5px rgba(37, 211, 102, 0.5) !important;\n        }\n        .modulo-detalle {\n            background: #f8fafc; \n            border-radius: 12px; \n            margin-bottom: 15px; \n            border: 1px solid #e2e8f0;\n            overflow: hidden;\n            transition: all 0.3s ease;\n            animation: pulse-module 2.5s infinite;\n        }\n        .modulo-detalle[open] {\n            animation: none;\n            border-color: #cbd5e1;\n            box-shadow: 0 4px 10px -2px rgba(0, 0, 0, 0.05);\n            background: #ffffff;\n        }\n        .modulo-detalle:hover {\n            border-color: #cbd5e1;\n            box-shadow: 0 4px 6px -1px rgba(0, 0, 0, 0.05);\n        }\n        .modulo-summary {\n            padding: 16px 20px; \n            font-weight: 700; \n            cursor: pointer; \n            color: #1e293b;\n            font-size: 17px;\n            display: flex;\n            align-items: center;\n            justify-content: space-between;\n            flex-wrap: wrap;\n            list-style: none;\n        }\n        .modulo-summary::-webkit-details-marker {\n            display: none;\n        }\n        .title-group {\n            display: flex;\n            align-items: center;\n        }\n        .abreme-badge {\n            font-size: 13px;\n            color: #2563eb;\n            background: #eff6ff;\n            padding: 4px 12px;\n            border-radius: 20px;\n            border: 1px solid #bfdbfe;\n            animation: bounce-small 2s infinite;\n            margin-top: 5px;\n        }\n        .modulo-content {\n            padding: 0 20px 20px 20px; \n            font-size: 15px;\n            color: #475569;\n            border-top: 1px dashed #e2e8f0;\n            margin: 0 15px;\n            padding-top: 15px;\n        }\n        @media (max-width: 500px) {\n            .abreme-badge { width: 100%; text-align: center; margin-top: 10px; }\n        }\n    <\/style>\n<h2 style=\"color: #3b82f6; font-size: 28px; margin-bottom: 15px; text-align: center; font-weight: 800; letter-spacing: -0.5px;\">\ud83d\ude80 Transforme su Centro Educativo: El Ecosistema Digital Definitivo<\/h2>\n<p style=\"font-size: 17px; text-align: center; color: #64748b; margin-bottom: 35px;\">M\u00e1s que un software, somos su socio estrat\u00e9gico en innovaci\u00f3n educativa.<\/p>\n<p style=\"font-size: 16px;\">Estimados directores y l\u00edderes de la educaci\u00f3n: el mundo est\u00e1 cambiando a una velocidad sin precedentes y su instituci\u00f3n merece estar a la vanguardia. Durante m\u00e1s de <strong>23 a\u00f1os<\/strong>, hemos sido pioneros en tecnolog\u00eda educativa, desde la creaci\u00f3n de material multimedia para enciclopedias interactivas hasta el desarrollo de <strong>uno de los Campus Virtuales m\u00e1s potentes y completos de Am\u00e9rica Latina<\/strong>.<\/p>\n<h3 style=\"color: #8b5cf6; font-size: 22px; margin-top: 35px; margin-bottom: 15px; border-bottom: 2px solid #ede9fe; padding-bottom: 8px;\">\ud83c\udfeb Una Soluci\u00f3n 100% Escalable y Personalizable<\/h3>\n<p style=\"font-size: 16px;\">Entendemos que cada instituci\u00f3n tiene un ADN \u00fanico. Por eso, hemos dise\u00f1ado una arquitectura modular adaptable desde preescolar hasta campus universitarios. No le vendemos un sistema r\u00edgido; le entregamos una plataforma que se amolda a sus necesidades exactas.<\/p>\n<h3 style=\"color: #10b981; font-size: 22px; margin-top: 35px; margin-bottom: 20px;\">\ud83c\udf1f \u00bfPor qu\u00e9 elegir nuestra plataforma? Conozca nuestro poder<\/h3>\n<p style=\"font-size: 16px; margin-bottom: 20px;\">Contamos con un arsenal de <strong>m\u00e1s de 54 m\u00f3dulos premium<\/strong> dise\u00f1ados para automatizar, controlar y elevar el nivel de su instituci\u00f3n. <em>(Haga clic en cada categor\u00eda para expandir la informaci\u00f3n)<\/em>:<\/p>\n<details class=\"modulo-detalle\">\n<summary class=\"modulo-summary\">\n<div class=\"title-group\"><span style=\"font-size: 22px; margin-right: 12px;\">\ud83c\udf10<\/span> Conectividad y Aulas Virtuales<\/div>\n<p><span class=\"abreme-badge\">\ud83d\udc47 Clic para abrir<\/span><br \/>\n        <\/summary>\n<div class=\"modulo-content\">\n            Rompa las barreras de la distancia. Trabajamos con integraci\u00f3n nativa a <strong>Microsoft Teams, Zoom y Google Meet<\/strong>. Adem\u00e1s, contamos con nuestro propio sistema de <strong>salas de clases privadas virtuales<\/strong>, garantizando entornos bidireccionales seguros, estables y sin interrupciones para sus clases magistrales o foros interactivos.<\/div>\n<\/details>\n<details class=\"modulo-detalle\">\n<summary class=\"modulo-summary\">\n<div class=\"title-group\"><span style=\"font-size: 22px; margin-right: 12px;\">\ud83d\udcb0<\/span> Finanzas y Contabilidad Integrada<\/div>\n<p><span class=\"abreme-badge\">\ud83d\udc47 Clic para abrir<\/span><br \/>\n        <\/summary>\n<div class=\"modulo-content\">\n            Tome el control absoluto de sus ingresos. Nuestro ecosistema incluye:<\/p>\n<ul style=\"margin-top: 10px; margin-bottom: 0; padding-left: 20px;\">\n<li><strong>Sistema de pago online:<\/strong> Recaudaci\u00f3n 24\/7 de mensualidades, cuotas y matr\u00edculas.<\/li>\n<li><strong>M\u00f3dulo de Contabilidad:<\/strong> Flujo de caja transparente e integrado.<\/li>\n<li><strong>M\u00f3dulo de Morosidad:<\/strong> Alertas y seguimiento automatizado para mantener sus finanzas sanas.<\/li>\n<\/ul>\n<\/div>\n<\/details>\n<details class=\"modulo-detalle\">\n<summary class=\"modulo-summary\">\n<div class=\"title-group\"><span style=\"font-size: 22px; margin-right: 12px;\">\ud83d\udcc8<\/span> Gesti\u00f3n Acad\u00e9mica y Control Docente<\/div>\n<p><span class=\"abreme-badge\">\ud83d\udc47 Clic para abrir<\/span><br \/>\n        <\/summary>\n<div class=\"modulo-content\">\n            Herramientas dise\u00f1adas para la excelencia acad\u00e9mica y la facilidad operativa:<\/p>\n<ul style=\"margin-top: 10px; margin-bottom: 0; padding-left: 20px;\">\n<li><strong>Gestor Acad\u00e9mico:<\/strong> Administraci\u00f3n centralizada de planes de estudio.<\/li>\n<li><strong>M\u00f3dulo de Ex\u00e1menes y Notas:<\/strong> Evaluaciones seguras y c\u00e1lculos autom\u00e1ticos.<\/li>\n<li><strong>M\u00f3dulo de Profesores:<\/strong> Portal exclusivo para el cuerpo docente.<\/li>\n<li><strong>Control de Asistencia:<\/strong> Registro en tiempo real de los estudiantes.<\/li>\n<\/ul>\n<\/div>\n<\/details>\n<details class=\"modulo-detalle\">\n<summary class=\"modulo-summary\">\n<div class=\"title-group\"><span style=\"font-size: 22px; margin-right: 12px;\">\ud83c\udfe2<\/span> Administraci\u00f3n y Recursos Humanos<\/div>\n<p><span class=\"abreme-badge\">\ud83d\udc47 Clic para abrir<\/span><br \/>\n        <\/summary>\n<div class=\"modulo-content\">\n            Modernice su burocracia con seguridad de grado bancario:<\/p>\n<ul style=\"margin-top: 10px; margin-bottom: 0; padding-left: 20px;\">\n<li><strong>M\u00f3dulo de Prematr\u00edcula:<\/strong> Simplifique el ingreso de nuevos estudiantes.<\/li>\n<li><strong>Contratos Online:<\/strong> Generaci\u00f3n de contratos estudiantiles con <strong>firma digital<\/strong>.<\/li>\n<li><strong>Reloj de RRHH:<\/strong> Control de entradas y salidas para el personal docente y administrativo.<\/li>\n<li><strong>Migrador Colmena:<\/strong> Transici\u00f3n de datos impecable desde sus sistemas anteriores.<\/li>\n<\/ul>\n<\/div>\n<\/details>\n<details class=\"modulo-detalle\">\n<summary class=\"modulo-summary\">\n<div class=\"title-group\"><span style=\"font-size: 22px; margin-right: 12px;\">\ud83d\udc68\u200d\ud83d\udc69\u200d\ud83d\udc67\u200d\ud83d\udc66<\/span> Comunidad y Comunicaci\u00f3n<\/div>\n<p><span class=\"abreme-badge\">\ud83d\udc47 Clic para abrir<\/span><br \/>\n        <\/summary>\n<div class=\"modulo-content\">\n            Mantenga a las familias involucradas en el proceso educativo mediante nuestro <strong>Cuaderno de Comunicaciones al Hogar<\/strong>, un canal directo, oficial y seguro entre la instituci\u00f3n y los padres de familia.<\/div>\n<\/details>\n<div style=\"background-color: #f0fdf4; border-left: 6px solid #16a34a; padding: 25px; border-radius: 0 12px 12px 0; margin: 40px 0; display: flex; align-items: center; gap: 20px; box-shadow: 0 4px 15px rgba(22, 163, 74, 0.1);\">\n        <span style=\"font-size: 35px;\">\ud83c\udfc6<\/span><\/p>\n<p style=\"margin: 0; color: #14532d; font-size: 17px; line-height: 1.5;\"><strong>EL RESPALDO DE LA EXPERIENCIA:<\/strong> Dise\u00f1amos tecnolog\u00eda robusta bajo altos est\u00e1ndares de calidad para que usted se enfoque en la excelencia acad\u00e9mica. Todo este ecosistema de innovaci\u00f3n est\u00e1 <strong>\u00a1Ya disponible en nuestra plataforma!<\/strong> D\u00e9 el paso hacia la modernizaci\u00f3n hoy mismo.<\/p>\n<\/div>\n<div style=\"text-align: center; margin-top: 50px; margin-bottom: 30px; padding: 40px 20px; background: linear-gradient(145deg, #ffffff, #f8fafc); border-radius: 20px; border: 1px solid #e2e8f0; box-shadow: 0 10px 30px -10px rgba(0,0,0,0.05);\">\n<h4 style=\"font-weight: 800; font-size: 26px; color: #0f172a; margin-top: 0; margin-bottom: 12px;\">\u00bfListo para llevar su instituci\u00f3n al futuro?<\/h4>\n<p style=\"font-size: 17px; color: #475569; margin-bottom: 35px; max-width: 600px; margin-left: auto; margin-right: auto;\">Agende una demostraci\u00f3n personalizada y descubra c\u00f3mo podemos configurar nuestra plataforma a la medida de sus necesidades.<\/p>\n<p><a href=\"https:\/\/wa.me\/50663253509\" target=\"_blank\" class=\"wa-btn\" style=\"display: inline-flex; align-items: center; justify-content: center; background-color: #25D366; color: white; text-decoration: none; font-size: 19px; font-weight: 800; padding: 18px 40px; border-radius: 50px; font-family: 'Segoe UI', Arial, sans-serif;\"><br \/>\n            <svg style=\"width: 32px; height: 32px; margin-right: 14px; filter: drop-shadow(0 2px 4px rgba(0,0,0,0.2));\" fill=\"currentColor\" viewBox=\"0 0 24 24\" xmlns=\"http:\/\/www.w3.org\/2000\/svg\">\n                <path d=\"M17.472 14.382c-.297-.149-1.758-.867-2.03-.967-.273-.099-.471-.148-.67.15-.197.297-.767.966-.94 1.164-.173.199-.347.223-.644.075-.297-.15-1.255-.463-2.39-1.475-.883-.788-1.48-1.761-1.653-2.059-.173-.297-.018-.458.13-.606.134-.133.298-.347.446-.52.149-.174.198-.298.298-.497.099-.198.05-.371-.025-.52-.075-.149-.669-1.612-.916-2.207-.242-.579-.487-.5-.669-.51a12.8 12.8 0 0 0-.57-.01c-.198 0-.52.074-.792.372-.272.297-1.04 1.016-1.04 2.479 0 1.462 1.065 2.875 1.213 3.074.149.198 2.096 3.2 5.077 4.487.709.306 1.262.489 1.694.625.712.227 1.36.195 1.871.118.571-.085 1.758-.719 2.006-1.413.248-.694.248-1.289.173-1.413-.074-.124-.272-.198-.57-.347m-5.421 7.403h-.004a9.87 9.87 0 0 1-5.031-1.378l-.361-.214-3.741.982.998-3.648-.235-.374a9.86 9.86 0 0 1-1.51-5.26c.001-5.45 4.436-9.884 9.888-9.884 2.64 0 5.122 1.03 6.988 2.898a9.825 9.825 0 0 1 2.893 6.994c-.003 5.45-4.437 9.884-9.885 9.884m8.413-18.297A11.815 11.815 0 0 0 12.05 0C5.495 0 .16 5.335.157 11.892c0 2.096.547 4.142 1.588 5.945L.057 24l6.305-1.654a11.882 11.882 0 0 0 5.683 1.448h.005c6.554 0 11.89-5.335 11.893-11.893a11.821 11.821 0 0 0-3.48-8.413Z\"\/>\n            <\/svg><br \/>\n            Asesor\u00eda Inmediata por WhatsApp<br \/>\n        <\/a><\/p>\n<p style=\"font-size: 13px; color: #94a3b8; margin-top: 15px;\">Atenci\u00f3n r\u00e1pida, directa y sin compromisos.<\/p>\n<\/div>\n<\/div>\n<\/div><\/section><\/div>\n","protected":false},"excerpt":{"rendered":"","protected":false},"author":1,"featured_media":0,"parent":0,"menu_order":0,"comment_status":"closed","ping_status":"closed","template":"","meta":{"footnotes":""},"class_list":["post-25","page","type-page","status-publish","hentry"],"_links":{"self":[{"href":"https:\/\/sospuravida.com\/CAMPUSVIRTUAL\/wp-json\/wp\/v2\/pages\/25","targetHints":{"allow":["GET"]}}],"collection":[{"href":"https:\/\/sospuravida.com\/CAMPUSVIRTUAL\/wp-json\/wp\/v2\/pages"}],"about":[{"href":"https:\/\/sospuravida.com\/CAMPUSVIRTUAL\/wp-json\/wp\/v2\/types\/page"}],"author":[{"embeddable":true,"href":"https:\/\/sospuravida.com\/CAMPUSVIRTUAL\/wp-json\/wp\/v2\/users\/1"}],"replies":[{"embeddable":true,"href":"https:\/\/sospuravida.com\/CAMPUSVIRTUAL\/wp-json\/wp\/v2\/comments?post=25"}],"version-history":[{"count":34,"href":"https:\/\/sospuravida.com\/CAMPUSVIRTUAL\/wp-json\/wp\/v2\/pages\/25\/revisions"}],"predecessor-version":[{"id":332,"href":"https:\/\/sospuravida.com\/CAMPUSVIRTUAL\/wp-json\/wp\/v2\/pages\/25\/revisions\/332"}],"wp:attachment":[{"href":"https:\/\/sospuravida.com\/CAMPUSVIRTUAL\/wp-json\/wp\/v2\/media?parent=25"}],"curies":[{"name":"wp","href":"https:\/\/api.w.org\/{rel}","templated":true}]}}